{"id":9737,"date":"2024-04-16T15:48:08","date_gmt":"2024-04-16T19:48:08","guid":{"rendered":"https:\/\/intimidadcondios.tv\/?post_type=product&#038;p=9737"},"modified":"2024-12-02T21:56:10","modified_gmt":"2024-12-03T02:56:10","slug":"bendecidos-para-bendecir","status":"publish","type":"product","link":"https:\/\/intimidadcondios.tv\/en\/product\/bendecidos-para-bendecir\/","title":{"rendered":"Bendecidos Para Bendecir"},"content":{"rendered":"<p class=\"p1\">M\u00e1s que un libro es un manual lleno de informaci\u00f3n y revelaci\u00f3n de la Palabra de Dios. Es el resultado del lidear por muchos a\u00f1os con personas que anhelan una respuesta al por qu\u00e9, de\u00a0estancamientos, ciclos repetitivos de p\u00e9rdidas y dolor, adicciones y ataduras que no pueden superar, incluso siendo genuinos fieles creyentes.<\/p>\n<p class=\"p1\">Not\u00e1bamos que a\u00fan despu\u00e9s de haber sido ministrados en jornadas de entrenamiento y sanidad interior, todav\u00eda faltaba un \u00abeslab\u00f3n perdido\u00bb que conectara su condici\u00f3n presente para llevarlos a su libertad y sanidad futura.<\/p>\n<p class=\"p1\">No podemos imaginar cu\u00e1ntas personas sufren en silencio por la ausencia de una respuesta y es all\u00ed donde el enemigo toma ventaja haci\u00e9ndoles creer que nunca alcanzar\u00e1n la bendici\u00f3n de Dios porque no son suficientemente buenos ni \u00abespirituales\u00bb para ser libres y sanos, lo cual est\u00e1, no es la verdadera causa ni respuesta.<\/p>\n<p class=\"p1\">Observamos con los a\u00f1os, que en la mayor\u00eda de estos patrones, la consejer\u00eda no es suficiente ni efectiva, aunque creemos en el valor de la consejer\u00eda y muchos consejeros cristianos que juegan un papel fundamental en muchos escenarios dif\u00edciles de la vida.<\/p>\n<p class=\"p1\">Respuestas a las siguientes preguntas que te ayudar\u00e1n a encontrar la luz al final del t\u00fanel.<\/p>\n<ul class=\"ul1\">\n<li class=\"li1\">\u00bfPor qu\u00e9 siento que repito ciclos en determinadas etapas de la vida y por qu\u00e9 son tan parecidos a los de mis generaciones pasadas?<\/li>\n<li class=\"li1\">\u00bfQu\u00e9 se esconde detr\u00e1s de la pobreza generacional, muertes tr\u00e1gicas de miembros de la familia y fracasos familiares?<\/li>\n<li class=\"li1\">\u00bfQu\u00e9 es la epigen\u00e9tica y que relaci\u00f3n tiene a lo que me est\u00e1 sucediendo?<\/li>\n<li class=\"li1\">\u00bfExisten las maldiciones generacionales y en tal caso, c\u00f3mo puedo romperlas?<\/li>\n<li class=\"li1\">\u00bfPor qu\u00e9 si soy cristiano todav\u00eda me encuentro luchando con ataduras des\u00f3rdenes<\/li>\n<li class=\"li1\">que no puedo controlar ni superar?<\/li>\n<\/ul>\n<p class=\"p1\">Respuestas a estas preguntas y muchas m\u00e1s ser\u00e1n expuestas en este manual de desarrollo espiritual y personal Bendecidos para Bendecir<\/p>\n<p class=\"p1\">Recomendado tambi\u00e9n para pastores y l\u00edderes que necesitan una herramienta \u00fatil para acelerar el crecimiento y desarrollo<\/p>\n<p class=\"p1\">espiritual de sus fieles.<\/p>","protected":false},"excerpt":{"rendered":"<p class=\"p1\">M\u00e1s que un libro es un manual lleno de informaci\u00f3n y revelaci\u00f3n de la Palabra de Dios. Es el resultado del lidear por muchos a\u00f1os con personas que anhelan una respuesta al por qu\u00e9, de\u00a0estancamientos, ciclos repetitivos de p\u00e9rdidas y dolor, adicciones y ataduras que no pueden superar, incluso siendo genuinos fieles creyentes.<\/p>\n<p class=\"p1\">Not\u00e1bamos que a\u00fan despu\u00e9s de haber sido ministrados en jornadas de entrenamiento y sanidad interior, todav\u00eda faltaba un \u00abeslab\u00f3n perdido\u00bb que conectara su condici\u00f3n presente para llevarlos a su libertad y sanidad futura.<\/p>\n<p class=\"p1\">No podemos imaginar cu\u00e1ntas personas sufren en silencio por la ausencia de una respuesta y es all\u00ed donde el enemigo toma ventaja haci\u00e9ndoles creer que nunca alcanzar\u00e1n la bendici\u00f3n de Dios porque no son suficientemente buenos ni \u00abespirituales\u00bb para ser libres y sanos, lo cual est\u00e1, no es la verdadera causa ni respuesta.<\/p>\n<p class=\"p1\">Observamos con los a\u00f1os, que en la mayor\u00eda de estos patrones, la consejer\u00eda no es suficiente ni efectiva, aunque creemos en el valor de la consejer\u00eda y muchos consejeros cristianos que juegan un papel fundamental en muchos escenarios dif\u00edciles de la vida.<\/p>\n<p class=\"p1\">Respuestas a las siguientes preguntas que te ayudar\u00e1n a encontrar la luz al final del t\u00fanel.<\/p>\n<ul class=\"ul1\">\n<li class=\"li1\">\u00bfPor qu\u00e9 siento que repito ciclos en determinadas etapas de la vida y por qu\u00e9 son tan parecidos a los de mis generaciones pasadas?<\/li>\n<li class=\"li1\">\u00bfQu\u00e9 se esconde detr\u00e1s de la pobreza generacional, muertes tr\u00e1gicas de miembros de la familia y fracasos familiares?<\/li>\n<li class=\"li1\">\u00bfQu\u00e9 es la epigen\u00e9tica y que relaci\u00f3n tiene a lo que me est\u00e1 sucediendo?<\/li>\n<li class=\"li1\">\u00bfExisten las maldiciones generacionales y en tal caso, c\u00f3mo puedo romperlas?<\/li>\n<li class=\"li1\">\u00bfPor qu\u00e9 si soy cristiano todav\u00eda me encuentro luchando con ataduras des\u00f3rdenes<\/li>\n<li class=\"li1\">que no puedo controlar ni superar?<\/li>\n<\/ul>\n<p class=\"p1\">Respuestas a estas preguntas y muchas m\u00e1s ser\u00e1n expuestas en este manual de desarrollo espiritual y personal Bendecidos para Bendecir<\/p>\n<p class=\"p1\">Recomendado tambi\u00e9n para pastores y l\u00edderes que necesitan una herramienta \u00fatil para acelerar el crecimiento y desarrollo<\/p>\n<p class=\"p1\">espiritual de sus fieles.<\/p>","protected":false},"featured_media":9749,"comment_status":"closed","ping_status":"closed","template":"","meta":{"_price":"15","_stock":"198","_tribe_ticket_header":"","_tribe_default_ticket_provider":"","_tribe_ticket_capacity":"1","_ticket_start_date":"","_ticket_end_date":"","_tribe_ticket_show_description":"","_tribe_ticket_show_not_going":false,"_tribe_ticket_use_global_stock":"","_tribe_ticket_global_stock_level":"","_global_stock_mode":"","_global_stock_cap":"","_tribe_rsvp_for_event":"","_tribe_ticket_going_count":"","_tribe_ticket_not_going_count":"","_tribe_tickets_list":"[]","_tribe_ticket_has_attendee_info_fields":false,"_EventAllDay":false,"_EventTimezone":"","_EventStartDate":"","_EventEndDate":"","_EventStartDateUTC":"","_EventEndDateUTC":"","_EventShowMap":false,"_EventShowMapLink":false,"_EventURL":"","_EventCost":"","_EventCostDescription":"","_EventCurrencySymbol":"","_EventCurrencyCode":"","_EventCurrencyPosition":"","_EventDateTimeSeparator":"","_EventTimeRangeSeparator":"","_EventOrganizerID":[],"_EventVenueID":[],"_OrganizerEmail":"","_OrganizerPhone":"","_OrganizerWebsite":"","_VenueAddress":"","_VenueCity":"","_VenueCountry":"","_VenueProvince":"","_VenueState":"","_VenueZip":"","_VenuePhone":"","_VenueURL":"","_VenueStateProvince":"","_VenueLat":"","_VenueLng":"","_VenueShowMap":false,"_VenueShowMapLink":false},"product_brand":[],"product_cat":[41],"product_tag":[],"class_list":{"0":"post-9737","1":"product","2":"type-product","3":"status-publish","4":"has-post-thumbnail","6":"product_cat-libros","8":"first","9":"instock","10":"shipping-taxable","11":"purchasable","12":"product-type-simple"},"_links":{"self":[{"href":"https:\/\/intimidadcondios.tv\/en\/wp-json\/wp\/v2\/product\/9737","targetHints":{"allow":["GET"]}}],"collection":[{"href":"https:\/\/intimidadcondios.tv\/en\/wp-json\/wp\/v2\/product"}],"about":[{"href":"https:\/\/intimidadcondios.tv\/en\/wp-json\/wp\/v2\/types\/product"}],"replies":[{"embeddable":true,"href":"https:\/\/intimidadcondios.tv\/en\/wp-json\/wp\/v2\/comments?post=9737"}],"wp:featuredmedia":[{"embeddable":true,"href":"https:\/\/intimidadcondios.tv\/en\/wp-json\/wp\/v2\/media\/9749"}],"wp:attachment":[{"href":"https:\/\/intimidadcondios.tv\/en\/wp-json\/wp\/v2\/media?parent=9737"}],"wp:term":[{"taxonomy":"product_brand","embeddable":true,"href":"https:\/\/intimidadcondios.tv\/en\/wp-json\/wp\/v2\/product_brand?post=9737"},{"taxonomy":"product_cat","embeddable":true,"href":"https:\/\/intimidadcondios.tv\/en\/wp-json\/wp\/v2\/product_cat?post=9737"},{"taxonomy":"product_tag","embeddable":true,"href":"https:\/\/intimidadcondios.tv\/en\/wp-json\/wp\/v2\/product_tag?post=9737"}],"curies":[{"name":"wp","href":"https:\/\/api.w.org\/{rel}","templated":true}]}}