{"id":7948,"date":"2023-07-26T12:28:42","date_gmt":"2023-07-26T16:28:42","guid":{"rendered":"https:\/\/intimidadcondios.tv\/?post_type=product&#038;p=7948"},"modified":"2023-07-26T12:41:38","modified_gmt":"2023-07-26T16:41:38","slug":"la-revelacion","status":"publish","type":"product","link":"https:\/\/intimidadcondios.tv\/en\/product\/la-revelacion\/","title":{"rendered":"La Revelaci\u00f3n Del Se\u00f1or De La Mies"},"content":{"rendered":"<h4><span class=\"a-text-bold a-text-italic\"><u>Este libro lleg\u00f3 a tus manos, para que sepas trabajar sincronizado con el Cielo.<\/u><\/span><\/h4>\n<p>\u00a1Porque el Cielo tiene una urgencia en la tierra que es apremiante! Antes de explicar m\u00e1s detalladamente el porqu\u00e9 de este libro,necesito detallarte bajo qu\u00e9 experiencias y bajo qu\u00e9 atm\u00f3sfera Dios permiti\u00f3 que estas p\u00e1ginas nacieran.<\/p>\n<p>Debo iniciar reconociendo que este libro est\u00e1 lejos de ser m\u00edo; no lo es. Es del Esp\u00edritu Santo, ya que fue escrito en diez d\u00edas. He escrito otros libros en a\u00f1os pasados, pero nunca hab\u00eda escrito un libro en diez d\u00edas, en toda mi vida.<\/p>\n<p>Soy testigo presencial de experiencias sobrenaturales durante ciertos d\u00edas donde una Presencia de Dios me envolvi\u00f3; sent\u00ed toques divinos que me levantaron de madrugada a gemir por este libro. En otra oportunidad mientras redactaba, viv\u00ed una experiencia de grandes gotas como de una sustancia espesa que ca\u00eda sobre mi cabeza mientras escrib\u00eda. Era tan real, que tuve que mirar el techo porque las gotas que ca\u00edan eran tan fuertes y me golpeaban una y otra vez, como si alguna ca\u00f1er\u00eda en el segundo piso se hubiera roto.<\/p>\n<p>Pero no era eso, sino una visitaci\u00f3n muy especial y gloriosa del Se\u00f1or. Dios me hizo ayunar sin sentir apetito alguno durante esos d\u00edas. La \u00fanica hambre era por m\u00e1s de su Presencia y una desesperaci\u00f3n por intimar con \u00c9l, en el secreto de su gloria. Y de esa gloria naci\u00f3 este libro que hoy tienes en tus manos, La revelaci\u00f3n del Se\u00f1or de la mies.<\/p>\n<p>Mientras escrib\u00eda este libro sent\u00eda a veces que hab\u00eda pasado una hora redactando, y al mirar el reloj hab\u00edan transcurrido catorce horas escribiendo. Fueron momentos muy especiales, pero tambi\u00e9n sobrenaturales. El Se\u00f1or me mostr\u00f3 que as\u00ed como los \u00e1ngeles apresuraron a Lot a salir de Sodoma, tambi\u00e9n los \u00e1ngeles me apuraron y me ayudaron para escribir este libro. No estoy exaltando \u00e1ngeles, pero s\u00ed recordemos que son ministros enviados por Dios para servirnos con el fin de cumplir m\u00e1s efectivamente sus planes y sus prop\u00f3sitos aqu\u00ed en la tierra. Mientras escrib\u00eda por largas horas, hab\u00eda una sensaci\u00f3n de urgencia que me acompa\u00f1aba todo el tiempo.<\/p>\n<p><span class=\"a-text-bold\">\u00bfPor qu\u00e9 se escribi\u00f3 este libro?<\/span><\/p>\n<p>Porque la Eternidad tiene prisa y un apremio por su iglesia; de que ella entienda la necesidad de levantar esta cosecha final. S\u00ed, el final est\u00e1 cerca, pero no el nuestro, sino el final del diablo y el inicio del avivamiento y de la cosecha m\u00e1s gloriosa de la historia. A veces los pastores y ministros me preguntan si estamos en el fin y si somos la \u00faltima generaci\u00f3n; a lo que respondo: por un lado s\u00ed y por el otro no, pues sinceramente, creo que no seremos eficaces y no tendremos el \u00e9xito que Dios espera, si no nos consideramos la \u00faltima generaci\u00f3n.<\/p>\n<p>De hecho, los ap\u00f3stoles en la Biblia, todos sent\u00edan que estaban al final y que eran la \u00faltima generaci\u00f3n. Eso les permiti\u00f3 trabajar con un enfoque, un compromiso y una urgencia que les permiti\u00f3 cambiar el mundo conocido de su \u00e9poca. Por eso debemos vivir cada d\u00eda como si fuera el \u00faltimo, y a la misma vez prepararnos y planificar nuestro futuro como si el fin fuera en mil a\u00f1os m\u00e1s. Sin embargo, de una cosa s\u00ed estamos seguros; que por cada d\u00eda que pasa, estamos a un d\u00eda m\u00e1s cerca del fin.<\/p>\n<p>Dios nunca dese\u00f3 que hacer su obra y levantar su mies fuera algo complicado y dif\u00edcil. Por tal raz\u00f3n, lleg\u00f3 este libro a tus manos; para revelar los agentes claves y los factores determinantes que har\u00e1n que sea imposible fracasar en la tarea de levantar la mies en este tiempo. Cuando sabemos trabajar con la eternidad, todo fluye con naturalidad. Honrar dise\u00f1os, principios y verdades divinas ser\u00e1 algo indispensable para los obreros de esta recta final.<\/p>","protected":false},"excerpt":{"rendered":"<p><span style=\"font-weight: 400;\">Si los creadores de autos en los a\u00f1os \u201850, dise\u00f1aban sus modelos para que fueran duraderos, funcionales y efectivos, acaso \u00bfno cree que Dios puede hacerlo\u00a0 mucho\u00a0 mejor con nosotros, que somos creados a su imagen y semejanza?\u00a0<\/span><\/p>\n<p><span style=\"font-weight: 400;\">La gran pregunta: \u00bfPor qu\u00e9 a muchos no les sucede as\u00ed? Hay conquistas que debieron de haber sucedido hace a\u00f1os atr\u00e1s, pero todav\u00eda no la has visto, y no necesariamente porque \u201cno sea el tiempo de Dios\u201d.<\/span><\/p>\n<p><span style=\"font-weight: 400;\">La Biblia revela que cada persona tiene un libro que contiene su Destino Prof\u00e9tico, o sea; el futuro y prop\u00f3sito de Dios para su vida mientras est\u00e1n en la tierra. El destino prof\u00e9tico del ser humano esta conectado al dise\u00f1o y la intenci\u00f3n original de Dios para\u00a0 cada persona. Pero he aprendido que aun muchas personas buenas, se encuentran bloqueados para completar su destino prof\u00e9tico.\u00a0<\/span><\/p>\n<p><span style=\"font-weight: 400;\">\u00bfQu\u00e9 se esconde detr\u00e1s de ese bloqueo? \u00bfPuede tambi\u00e9n un cristiano estar bloqueado en su destino prof\u00e9tico?\u00a0<\/span><\/p>\n<p><span style=\"font-weight: 400;\">\u00bfQue misterio hay detr\u00e1s de ciclos repetitivos de p\u00e9rdidas, fracasos y dolores que enfrenta tanta gente?<\/span><\/p>\n<p><span style=\"font-weight: 400;\">En este libro ense\u00f1o a la luz de la Palabra de Dios, c\u00f3mo aprender a desbloquear\u00a0 lo que est\u00e1 escrito en el libro de destinos de Dios para nuestras vidas y que el enemigo\u00a0 ha querido interrumpir de generaci\u00f3n en generaci\u00f3n. <\/span><\/p>","protected":false},"featured_media":7951,"comment_status":"closed","ping_status":"closed","template":"","meta":{"_price":"20.00","_stock":"55","_tribe_ticket_header":"","_tribe_default_ticket_provider":"","_tribe_ticket_capacity":"1","_ticket_start_date":"","_ticket_end_date":"","_tribe_ticket_show_description":"","_tribe_ticket_show_not_going":false,"_tribe_ticket_use_global_stock":"","_tribe_ticket_global_stock_level":"","_global_stock_mode":"","_global_stock_cap":"","_tribe_rsvp_for_event":"","_tribe_ticket_going_count":"","_tribe_ticket_not_going_count":"","_tribe_tickets_list":"[]","_tribe_ticket_has_attendee_info_fields":false,"_EventAllDay":false,"_EventTimezone":"","_EventStartDate":"","_EventEndDate":"","_EventStartDateUTC":"","_EventEndDateUTC":"","_EventShowMap":false,"_EventShowMapLink":false,"_EventURL":"","_EventCost":"","_EventCostDescription":"","_EventCurrencySymbol":"","_EventCurrencyCode":"","_EventCurrencyPosition":"","_EventDateTimeSeparator":"","_EventTimeRangeSeparator":"","_EventOrganizerID":[],"_EventVenueID":[],"_OrganizerEmail":"","_OrganizerPhone":"","_OrganizerWebsite":"","_VenueAddress":"","_VenueCity":"","_VenueCountry":"","_VenueProvince":"","_VenueState":"","_VenueZip":"","_VenuePhone":"","_VenueURL":"","_VenueStateProvince":"","_VenueLat":"","_VenueLng":"","_VenueShowMap":false,"_VenueShowMapLink":false},"product_brand":[],"product_cat":[41],"product_tag":[],"class_list":{"0":"post-7948","1":"product","2":"type-product","3":"status-publish","4":"has-post-thumbnail","6":"product_cat-libros","8":"first","9":"instock","10":"shipping-taxable","11":"purchasable","12":"product-type-simple"},"_links":{"self":[{"href":"https:\/\/intimidadcondios.tv\/en\/wp-json\/wp\/v2\/product\/7948","targetHints":{"allow":["GET"]}}],"collection":[{"href":"https:\/\/intimidadcondios.tv\/en\/wp-json\/wp\/v2\/product"}],"about":[{"href":"https:\/\/intimidadcondios.tv\/en\/wp-json\/wp\/v2\/types\/product"}],"replies":[{"embeddable":true,"href":"https:\/\/intimidadcondios.tv\/en\/wp-json\/wp\/v2\/comments?post=7948"}],"wp:featuredmedia":[{"embeddable":true,"href":"https:\/\/intimidadcondios.tv\/en\/wp-json\/wp\/v2\/media\/7951"}],"wp:attachment":[{"href":"https:\/\/intimidadcondios.tv\/en\/wp-json\/wp\/v2\/media?parent=7948"}],"wp:term":[{"taxonomy":"product_brand","embeddable":true,"href":"https:\/\/intimidadcondios.tv\/en\/wp-json\/wp\/v2\/product_brand?post=7948"},{"taxonomy":"product_cat","embeddable":true,"href":"https:\/\/intimidadcondios.tv\/en\/wp-json\/wp\/v2\/product_cat?post=7948"},{"taxonomy":"product_tag","embeddable":true,"href":"https:\/\/intimidadcondios.tv\/en\/wp-json\/wp\/v2\/product_tag?post=7948"}],"curies":[{"name":"wp","href":"https:\/\/api.w.org\/{rel}","templated":true}]}}