{"id":5933,"date":"2022-03-29T17:20:01","date_gmt":"2022-03-29T23:20:01","guid":{"rendered":"https:\/\/intimidadcondios.tv\/?post_type=product&#038;p=5933"},"modified":"2023-02-02T13:57:56","modified_gmt":"2023-02-02T18:57:56","slug":"como-desbloquear-destino-profetico","status":"publish","type":"product","link":"https:\/\/intimidadcondios.tv\/en\/product\/como-desbloquear-destino-profetico\/","title":{"rendered":"C\u00f3mo desbloquear tu destino prof\u00e9tico"},"content":{"rendered":"","protected":false},"excerpt":{"rendered":"<p><span style=\"font-weight: 400;\">Si los creadores de autos en los a\u00f1os \u201850, dise\u00f1aban sus modelos para que fueran duraderos, funcionales y efectivos, acaso \u00bfno cree que Dios puede hacerlo\u00a0 mucho\u00a0 mejor con nosotros, que somos creados a su imagen y semejanza?\u00a0<\/span><\/p>\n<p><span style=\"font-weight: 400;\">La gran pregunta: \u00bfPor qu\u00e9 a muchos no les sucede as\u00ed? Hay conquistas que debieron de haber sucedido hace a\u00f1os atr\u00e1s, pero todav\u00eda no la has visto, y no necesariamente porque \u201cno sea el tiempo de Dios\u201d.<\/span><\/p>\n<p><span style=\"font-weight: 400;\">La Biblia revela que cada persona tiene un libro que contiene su Destino Prof\u00e9tico, o sea; el futuro y prop\u00f3sito de Dios para su vida mientras est\u00e1n en la tierra. El destino prof\u00e9tico del ser humano esta conectado al dise\u00f1o y la intenci\u00f3n original de Dios para\u00a0 cada persona. Pero he aprendido que aun muchas personas buenas, se encuentran bloqueados para completar su destino prof\u00e9tico.\u00a0<\/span><\/p>\n<p><span style=\"font-weight: 400;\">\u00bfQu\u00e9 se esconde detr\u00e1s de ese bloqueo? \u00bfPuede tambi\u00e9n un cristiano estar bloqueado en su destino prof\u00e9tico?\u00a0<\/span><\/p>\n<p><span style=\"font-weight: 400;\">\u00bfQue misterio hay detr\u00e1s de ciclos repetitivos de p\u00e9rdidas, fracasos y dolores que enfrenta tanta gente?<\/span><\/p>\n<p><span style=\"font-weight: 400;\">En este libro ense\u00f1o a la luz de la Palabra de Dios, c\u00f3mo aprender a desbloquear\u00a0 lo que est\u00e1 escrito en el libro de destinos de Dios para nuestras vidas y que el enemigo\u00a0 ha querido interrumpir de generaci\u00f3n en generaci\u00f3n. <\/span><\/p>","protected":false},"featured_media":7159,"comment_status":"closed","ping_status":"closed","template":"","meta":{"_price":"14.99","_stock":null,"_tribe_ticket_header":"","_tribe_default_ticket_provider":"","_tribe_ticket_capacity":"1","_ticket_start_date":"","_ticket_end_date":"","_tribe_ticket_show_description":"","_tribe_ticket_show_not_going":false,"_tribe_ticket_use_global_stock":"","_tribe_ticket_global_stock_level":"","_global_stock_mode":"","_global_stock_cap":"","_tribe_rsvp_for_event":"","_tribe_ticket_going_count":"","_tribe_ticket_not_going_count":"","_tribe_tickets_list":"[]","_tribe_ticket_has_attendee_info_fields":false,"_EventAllDay":false,"_EventTimezone":"","_EventStartDate":"","_EventEndDate":"","_EventStartDateUTC":"","_EventEndDateUTC":"","_EventShowMap":false,"_EventShowMapLink":false,"_EventURL":"","_EventCost":"","_EventCostDescription":"","_EventCurrencySymbol":"","_EventCurrencyCode":"","_EventCurrencyPosition":"","_EventDateTimeSeparator":"","_EventTimeRangeSeparator":"","_EventOrganizerID":[],"_EventVenueID":[],"_OrganizerEmail":"","_OrganizerPhone":"","_OrganizerWebsite":"","_VenueAddress":"","_VenueCity":"","_VenueCountry":"","_VenueProvince":"","_VenueState":"","_VenueZip":"","_VenuePhone":"","_VenueURL":"","_VenueStateProvince":"","_VenueLat":"","_VenueLng":"","_VenueShowMap":false,"_VenueShowMapLink":false},"product_brand":[],"product_cat":[41],"product_tag":[],"class_list":{"0":"post-5933","1":"product","2":"type-product","3":"status-publish","4":"has-post-thumbnail","6":"product_cat-libros","8":"first","9":"instock","10":"shipping-taxable","11":"purchasable","12":"product-type-simple"},"_links":{"self":[{"href":"https:\/\/intimidadcondios.tv\/en\/wp-json\/wp\/v2\/product\/5933","targetHints":{"allow":["GET"]}}],"collection":[{"href":"https:\/\/intimidadcondios.tv\/en\/wp-json\/wp\/v2\/product"}],"about":[{"href":"https:\/\/intimidadcondios.tv\/en\/wp-json\/wp\/v2\/types\/product"}],"replies":[{"embeddable":true,"href":"https:\/\/intimidadcondios.tv\/en\/wp-json\/wp\/v2\/comments?post=5933"}],"wp:featuredmedia":[{"embeddable":true,"href":"https:\/\/intimidadcondios.tv\/en\/wp-json\/wp\/v2\/media\/7159"}],"wp:attachment":[{"href":"https:\/\/intimidadcondios.tv\/en\/wp-json\/wp\/v2\/media?parent=5933"}],"wp:term":[{"taxonomy":"product_brand","embeddable":true,"href":"https:\/\/intimidadcondios.tv\/en\/wp-json\/wp\/v2\/product_brand?post=5933"},{"taxonomy":"product_cat","embeddable":true,"href":"https:\/\/intimidadcondios.tv\/en\/wp-json\/wp\/v2\/product_cat?post=5933"},{"taxonomy":"product_tag","embeddable":true,"href":"https:\/\/intimidadcondios.tv\/en\/wp-json\/wp\/v2\/product_tag?post=5933"}],"curies":[{"name":"wp","href":"https:\/\/api.w.org\/{rel}","templated":true}]}}