{"id":5446,"date":"2021-12-13T18:12:52","date_gmt":"2021-12-14T00:12:52","guid":{"rendered":"https:\/\/intimidadcondios.tv\/?post_type=product&#038;p=5446"},"modified":"2025-07-15T11:39:04","modified_gmt":"2025-07-15T15:39:04","slug":"disenados-para-cambiar-atmosferas-espanol-digital","status":"publish","type":"product","link":"https:\/\/intimidadcondios.tv\/en\/product\/disenados-para-cambiar-atmosferas-espanol-digital\/","title":{"rendered":"Dise\u00f1ados para Cambiar Atm\u00f3sferas"},"content":{"rendered":"<p><strong>Estado:<\/strong> \u200eNuevo<br \/>\n<strong>Editorial:<\/strong> \u200e Holy Spirit Pub (22 Noviembre 2019)<br \/>\n<strong>Idioma:<\/strong> \u200e Espa\u00f1ol<br \/>\n<strong>Tapa blanda:<\/strong> \u200e 254 p\u00e1ginas<br \/>\n<strong>Peso del Art\u00edculo :<\/strong> \u200e 15.8 onzas<br \/>\n<strong>Dimensiones:<\/strong> 6 x 0.58 x 9 pulgadas<\/p>","protected":false},"excerpt":{"rendered":"<p>\u00bfQu\u00e9 pasar\u00eda si lograras cambiar la atm\u00f3sfera de tu hogar, tu trabajo o tu ciudad y vieras con tus ojos f\u00edsicos todo lo que has so\u00f1ado ver en el mundo de los anelos de tu coraz\u00f3n?<br \/>\nPodr\u00eda sonar demasiado positivo, pero no es cuesti\u00f3n de positivismo, sino de aprender a atraer la atm\u00f3sfera del cielo al caos de la tierra.<\/p>\n<p>Hay cosas en la Palabra de Dios que no est\u00e1n ocultas, pero que deben revelarse para capturarlas. En este libro descubrir\u00e1s llaves imprescindibles que te dar\u00e1n acceso para cambiar la atm\u00f3sfera espiritual en lugares donde se te hace dif\u00edcil la convivencia con personas que son dif\u00edciles de tratar o convivir.<\/p>\n<p>Aprender\u00e1s el poder de una declaraci\u00f3n prof\u00e9tica y c\u00f3mo \u00e9sta act\u00faa m\u00e1s all\u00e1 del tiempo, el espacio y la materia. \u00a1Bienvenido a tu nuevo mundo! Al mundo que le dar\u00e1 acceso a cambiar atm\u00f3sferas.<\/p>","protected":false},"featured_media":12320,"comment_status":"closed","ping_status":"closed","template":"","meta":{"_price":"14.99","_stock":"","_tribe_ticket_header":"","_tribe_default_ticket_provider":"","_tribe_ticket_capacity":"1","_ticket_start_date":"","_ticket_end_date":"","_tribe_ticket_show_description":"","_tribe_ticket_show_not_going":false,"_tribe_ticket_use_global_stock":"","_tribe_ticket_global_stock_level":"","_global_stock_mode":"","_global_stock_cap":"","_tribe_rsvp_for_event":"","_tribe_ticket_going_count":"","_tribe_ticket_not_going_count":"","_tribe_tickets_list":"[]","_tribe_ticket_has_attendee_info_fields":false,"_EventAllDay":false,"_EventTimezone":"","_EventStartDate":"","_EventEndDate":"","_EventStartDateUTC":"","_EventEndDateUTC":"","_EventShowMap":false,"_EventShowMapLink":false,"_EventURL":"","_EventCost":"","_EventCostDescription":"","_EventCurrencySymbol":"","_EventCurrencyCode":"","_EventCurrencyPosition":"","_EventDateTimeSeparator":"","_EventTimeRangeSeparator":"","_EventOrganizerID":[],"_EventVenueID":[],"_OrganizerEmail":"","_OrganizerPhone":"","_OrganizerWebsite":"","_VenueAddress":"","_VenueCity":"","_VenueCountry":"","_VenueProvince":"","_VenueState":"","_VenueZip":"","_VenuePhone":"","_VenueURL":"","_VenueStateProvince":"","_VenueLat":"","_VenueLng":"","_VenueShowMap":false,"_VenueShowMapLink":false},"product_brand":[],"product_cat":[41],"product_tag":[],"class_list":{"0":"post-5446","1":"product","2":"type-product","3":"status-publish","4":"has-post-thumbnail","6":"product_cat-libros","8":"first","9":"instock","10":"shipping-taxable","11":"purchasable","12":"product-type-simple"},"_links":{"self":[{"href":"https:\/\/intimidadcondios.tv\/en\/wp-json\/wp\/v2\/product\/5446","targetHints":{"allow":["GET"]}}],"collection":[{"href":"https:\/\/intimidadcondios.tv\/en\/wp-json\/wp\/v2\/product"}],"about":[{"href":"https:\/\/intimidadcondios.tv\/en\/wp-json\/wp\/v2\/types\/product"}],"replies":[{"embeddable":true,"href":"https:\/\/intimidadcondios.tv\/en\/wp-json\/wp\/v2\/comments?post=5446"}],"wp:featuredmedia":[{"embeddable":true,"href":"https:\/\/intimidadcondios.tv\/en\/wp-json\/wp\/v2\/media\/12320"}],"wp:attachment":[{"href":"https:\/\/intimidadcondios.tv\/en\/wp-json\/wp\/v2\/media?parent=5446"}],"wp:term":[{"taxonomy":"product_brand","embeddable":true,"href":"https:\/\/intimidadcondios.tv\/en\/wp-json\/wp\/v2\/product_brand?post=5446"},{"taxonomy":"product_cat","embeddable":true,"href":"https:\/\/intimidadcondios.tv\/en\/wp-json\/wp\/v2\/product_cat?post=5446"},{"taxonomy":"product_tag","embeddable":true,"href":"https:\/\/intimidadcondios.tv\/en\/wp-json\/wp\/v2\/product_tag?post=5446"}],"curies":[{"name":"wp","href":"https:\/\/api.w.org\/{rel}","templated":true}]}}